{"id":13,"date":"2018-11-01T12:43:32","date_gmt":"2018-11-01T16:43:32","guid":{"rendered":"http:\/\/localhost\/hotello\/motel\/about-us\/"},"modified":"2024-12-29T21:55:19","modified_gmt":"2024-12-30T01:55:19","slug":"nosotros","status":"publish","type":"page","link":"https:\/\/laposadadelcolono.cl\/en\/nosotros\/","title":{"rendered":"About us"},"content":{"rendered":"<div class=\"container vc_container\" ><div class=\"vc_row wpb_row vc_row-fluid vc_row-o-equal-height vc_row-flex\"><div class=\"wpb_column vc_column_container vc_col-sm-12 vc_col-lg-6 vc_col-md-12\">\n    <div class=\"vc_column-inner\">\n        <div class=\"wpb_wrapper\">\n            \n\t<div class=\"wpb_text_column wpb_content_element\" >\n\t\t<div class=\"wpb_wrapper\">\n\t\t\t<h2>History<\/h2>\n<p>Marcelo and Emma, \u200b\u200byour hosts, welcome you in the old manor house on the family property. We are the fourth generation of German settlers, still preserving the furniture, utensils and graphic heritage (books, documents and photographs) that once made our ancestors useful. Along with this, we preserve a small archaeological sample of the ancient indigenous inhabitants of the area who lived in the 1600s, found on our lands.<\/p>\n<p>We rescue the gastronomy of the 19th century brought by the ancestors, such as the preparation of preserves, jams, homemade bread, vegetable gardens and all the delicacies of the old recipes of the time.<\/p>\n\n\t\t<\/div>\n\t<\/div>\n        <\/div>\n    <\/div>\n<\/div><div class=\"wpb_column vc_column_container vc_col-sm-12 vc_col-lg-6 vc_col-md-12\">\n    <div class=\"vc_column-inner\">\n        <div class=\"wpb_wrapper\">\n            <div class=\"vc_empty_space\"   style=\"height: 12px\"><span class=\"vc_empty_space_inner\"><\/span><\/div>\n\t<div  class=\"wpb_single_image wpb_content_element vc_align_center\">\n\t\t\n\t\t<figure class=\"wpb_wrapper vc_figure\">\n\t\t\t<div class=\"vc_single_image-wrapper   vc_box_border_grey\"><img width=\"389\" height=\"389\" src=\"https:\/\/laposadadelcolono.cl\/wp-content\/uploads\/2020\/10\/marcelo-y-emma.png\" class=\"vc_single_image-img attachment-large\" alt=\"\" loading=\"lazy\" srcset=\"https:\/\/laposadadelcolono.cl\/wp-content\/uploads\/2020\/10\/marcelo-y-emma.png 389w, https:\/\/laposadadelcolono.cl\/wp-content\/uploads\/2020\/10\/marcelo-y-emma-300x300.png 300w, https:\/\/laposadadelcolono.cl\/wp-content\/uploads\/2020\/10\/marcelo-y-emma-150x150.png 150w, https:\/\/laposadadelcolono.cl\/wp-content\/uploads\/2020\/10\/marcelo-y-emma-75x75.png 75w\" sizes=\"(max-width: 389px) 100vw, 389px\" \/><\/div>\n\t\t<\/figure>\n\t<\/div>\n        <\/div>\n    <\/div>\n<\/div><\/div><\/div><div class=\"container vc_container\" ><div class=\"vc_row wpb_row vc_row-fluid\"><div class=\"wpb_column vc_column_container vc_col-sm-12\">\n    <div class=\"vc_column-inner\">\n        <div class=\"wpb_wrapper\">\n            <div class=\"stm_spacer\">\n    <div class=\"visible-lg\" style=\"height: 118px;\"><\/div>\n    <div class=\"visible-md\" style=\"height: 118px;\"><\/div>\n    <div class=\"visible-sm\" style=\"height: 100px;\"><\/div>\n    <div class=\"visible-xs\" style=\"height: 100px;\"><\/div>\n<\/div>\n\t<div class=\"wpb_text_column wpb_content_element\" >\n\t\t<div class=\"wpb_wrapper\">\n\t\t\t<h2>Apariciones<\/h2>\n\n\t\t<\/div>\n\t<\/div>\n        <\/div>\n    <\/div>\n<\/div><\/div><\/div><div class=\"container vc_container\" ><div class=\"vc_row wpb_row vc_row-fluid\"><div class=\"wpb_column vc_column_container vc_col-sm-6\">\n    <div class=\"vc_column-inner\">\n        <div class=\"wpb_wrapper\">\n            \n\t<div class=\"wpb_text_column wpb_content_element\" >\n\t\t<div class=\"wpb_wrapper\">\n\t\t\t<p><iframe src=\"https:\/\/www.youtube.com\/embed\/_3AeRs0k0iw?start=1473\" width=\"560\" height=\"315\" frameborder=\"0\" allowfullscreen=\"allowfullscreen\"><\/iframe><\/p>\n\n\t\t<\/div>\n\t<\/div>\n        <\/div>\n    <\/div>\n<\/div><div class=\"wpb_column vc_column_container vc_col-sm-6\">\n    <div class=\"vc_column-inner\">\n        <div class=\"wpb_wrapper\">\n            \n\t<div class=\"wpb_text_column wpb_content_element\" >\n\t\t<div class=\"wpb_wrapper\">\n\t\t\t<p><iframe src=\"https:\/\/www.youtube.com\/embed\/C0HcMBUHbpI?start=935\" width=\"560\" height=\"315\" frameborder=\"0\" allowfullscreen=\"allowfullscreen\"><\/iframe><\/p>\n\n\t\t<\/div>\n\t<\/div>\n        <\/div>\n    <\/div>\n<\/div><\/div><\/div><div class=\"container vc_container\" ><div class=\"vc_row wpb_row vc_row-fluid\"><div class=\"wpb_column vc_column_container vc_col-sm-6\">\n    <div class=\"vc_column-inner\">\n        <div class=\"wpb_wrapper\">\n            \n\t<div class=\"wpb_text_column wpb_content_element\" >\n\t\t<div class=\"wpb_wrapper\">\n\t\t\t<p><iframe src=\"https:\/\/www.youtube.com\/embed\/lhqBNypzRmM\" width=\"560\" height=\"315\" frameborder=\"0\" allowfullscreen=\"allowfullscreen\"><\/iframe><\/p>\n\n\t\t<\/div>\n\t<\/div>\n        <\/div>\n    <\/div>\n<\/div><div class=\"wpb_column vc_column_container vc_col-sm-6\">\n    <div class=\"vc_column-inner\">\n        <div class=\"wpb_wrapper\">\n            \n\t<div class=\"wpb_text_column wpb_content_element\" >\n\t\t<div class=\"wpb_wrapper\">\n\t\t\t<p><iframe src=\"https:\/\/www.youtube.com\/embed\/w8ckyC4GUpU\" width=\"560\" height=\"315\" frameborder=\"0\" allowfullscreen=\"allowfullscreen\"><\/iframe><\/p>\n\n\t\t<\/div>\n\t<\/div>\n        <\/div>\n    <\/div>\n<\/div><\/div><\/div><div class=\"container vc_container\" ><div class=\"vc_row wpb_row vc_row-fluid\"><div class=\"wpb_column vc_column_container vc_col-sm-6\">\n    <div class=\"vc_column-inner\">\n        <div class=\"wpb_wrapper\">\n            \n\t<div class=\"wpb_text_column wpb_content_element\" >\n\t\t<div class=\"wpb_wrapper\">\n\t\t\t<p><iframe src=\"https:\/\/www.youtube.com\/embed\/kZ30c_j9tEk\" width=\"560\" height=\"315\" frameborder=\"0\" allowfullscreen=\"allowfullscreen\"><\/iframe><\/p>\n\n\t\t<\/div>\n\t<\/div>\n        <\/div>\n    <\/div>\n<\/div><div class=\"wpb_column vc_column_container vc_col-sm-6\">\n    <div class=\"vc_column-inner\">\n        <div class=\"wpb_wrapper\">\n            \n\t<div class=\"wpb_text_column wpb_content_element\" >\n\t\t<div class=\"wpb_wrapper\">\n\t\t\t<p><iframe src=\"https:\/\/www.youtube.com\/embed\/sASGDVvxIWw\" width=\"560\" height=\"315\" frameborder=\"0\" allowfullscreen=\"allowfullscreen\"><\/iframe><\/p>\n\n\t\t<\/div>\n\t<\/div>\n        <\/div>\n    <\/div>\n<\/div><\/div><\/div><div class=\"container vc_container\" ><div class=\"vc_row wpb_row vc_row-fluid\"><div class=\"wpb_column vc_column_container vc_col-sm-6\">\n    <div class=\"vc_column-inner\">\n        <div class=\"wpb_wrapper\">\n            \n\t<div class=\"wpb_text_column wpb_content_element\" >\n\t\t<div class=\"wpb_wrapper\">\n\t\t\t<p><iframe src=\"https:\/\/www.youtube.com\/embed\/IfJMj3lJ66U?start=193\" width=\"560\" height=\"315\" frameborder=\"0\" allowfullscreen=\"allowfullscreen\"><\/iframe><\/p>\n\n\t\t<\/div>\n\t<\/div>\n        <\/div>\n    <\/div>\n<\/div><\/div><\/div><div class=\"container vc_container\" ><div class=\"vc_row wpb_row vc_row-fluid\"><div class=\"wpb_column vc_column_container vc_col-sm-6\">\n    <div class=\"vc_column-inner\">\n        <div class=\"wpb_wrapper\">\n            <div  class=\"vc_toggle vc_toggle_default vc_toggle_color_default  vc_toggle_size_md\"><div class=\"vc_toggle_title\"><h4>Seal S - Sustainability Policy<\/h4><i class=\"vc_toggle_icon\"><\/i><\/div><div class=\"vc_toggle_content\"><p><strong>Sello S<\/strong><\/p>\n<p>The term sustainable tourism emerged in the 90s, as an immediate response to the environmental impact that was evidenced by the increasing traffic of travelers.<\/p>\n<p>La OMT, en el a\u00f1o 2000, agreg\u00f3 que \u00abel turismo sustentable es aquel que atiende las necesidades de los viajeros actuales y de las regiones receptoras, al mismo tiempo que protege y fomenta las oportunidades para el futuro\u00bb<\/p>\n<p>The S Seal, launched in May 2013, is a distinction that guarantees the visitor that the tourist accommodation service complies with global criteria of tourist sustainability, in the socio-cultural, environmental and economic fields.<\/p>\n<p><strong>SUSTAINABILITY POLICIES<\/strong><\/p>\n<p><strong>SUSTAINABILITY POLICY OF THE HOSTEL LA POSADA DEL COLONO.<\/strong><\/p>\n<p>We are a hostel aware of the environment it has and how important the environment is for us as a tourist destination, so the fundamental objective of our activity is to offer the best facilities and services with the least possible environmental impact. That is why we publicly commit ourselves to being an example in complying with the principles of Sustainable Development.<\/p>\n<p>We are a hostel aware of the environment it has and how important the environment is for us as a tourist destination, so the fundamental objective of our activity is to offer the best facilities and services with the least possible environmental impact. That is why we publicly commit ourselves to being an example in complying with the principles of Sustainable Development.<\/p>\n<p>To carry out this important work, the environmental variable is incorporated into all our processes such as the planning of new improvement projects, provision of a service, etc., which allows them to be carried out with the minimum possible environmental and social impact, guaranteeing environmental quality, economic progress and conservation of natural values. Another aspect that we take into account for the development of our activity is the sociocultural, since we understand that our tourist destination is enriched by the culture, traditions, gastronomy and idiosyncrasy of its people, that is why it is essential for us that all our clients get to know it and experience it.<\/p>\n<p>All this makes Hostal La Posada del Colono establish a commitment that responds to social and environmental demands that guarantee sustainable development based on the following principles:<\/p>\n<ol>\n<li>Respect the environment as a basic objective.<\/li>\n<li>Promote reuse, recycling and waste management in an environmentally friendly way.<\/li>\n<li>Rationalize the consumption of energy and natural resources, through energy efficiency and the use of renewable energies.<\/li>\n<li>Supervisar peri\u00f3dicamente la aplicaci\u00f3n y cumplimiento de la legislaci\u00f3n y reglamentaci\u00f3n aplicable, as\u00ed como otros requisitos que la organizaci\u00f3n suscriba, con la finalidad de prevenir la contaminaci\u00f3n<\/li>\n<li>Maintain a Management System in accordance with our sustainability and quality policy, making sure to control and evaluate its degree of compliance.<\/li>\n<li>Show our Sustainable Management System to our suppliers, subcontractors, employees, clients and society in general, urging them to follow the model.<\/li>\n<li>Raise awareness and properly train all hotel employees on a continuous basis, through courses and training programs related to improving quality and the environment.<\/li>\n<li>Provide our clients with information related to our principles on Sustainable Development and the management we carry out to preserve the environment and local culture.<\/li>\n<li>Systematically assess the impact of the hotel's activity on the destination, establishing a process of continuous improvement of environmental, economic, social and customer satisfaction aspects, based on the objectives and goals set by the Hotel Management.<\/li>\n<li>Evaluate and periodically update our objectives and goals, as well as review, modify and adapt our Management System to the reality of the establishment and destination.<\/li>\n<\/ol>\n<p>Marcelo Kuschel<\/p>\n<p>Legal representative<\/p>\n<p>Firm<\/p>\n<p>Hostal La Posada del Colono.<\/p>\n<\/div><\/div>        <\/div>\n    <\/div>\n<\/div><\/div><\/div>","protected":false},"excerpt":{"rendered":"Historia Marcelo y Emma, sus anfitriones, los acogemos en la antigua casa patronal del terreno familiar. Somos la cuarta generaci\u00f3n de colonos alemanes, conservando a\u00fan el mobiliario, utensilios y patrimonio gr\u00e1fico (libros, documentos y fotograf\u00edas) que alguna vez prestaron utilidad a nuestros antepasados. Junto a esto, conservamos una peque\u00f1a muestra arqueol\u00f3gica de los antiguos habitantes [...]","protected":false},"author":2,"featured_media":0,"parent":0,"menu_order":4,"comment_status":"closed","ping_status":"closed","template":"","meta":[],"yoast_head":"<!-- This site is optimized with the Yoast SEO Premium plugin v15.0 - https:\/\/yoast.com\/wordpress\/plugins\/seo\/ -->\n<title>Nosotros - La Posada del Colono<\/title>\n<meta name=\"robots\" content=\"index, follow, max-snippet:-1, max-image-preview:large, max-video-preview:-1\" \/>\n<link rel=\"canonical\" href=\"https:\/\/laposadadelcolono.cl\/en\/nosotros\/\" \/>\n<meta property=\"og:locale\" content=\"en_US\" \/>\n<meta property=\"og:type\" content=\"article\" \/>\n<meta property=\"og:title\" content=\"Nosotros - La Posada del Colono\" \/>\n<meta property=\"og:url\" content=\"https:\/\/laposadadelcolono.cl\/en\/nosotros\/\" \/>\n<meta property=\"og:site_name\" content=\"La Posada del Colono\" \/>\n<meta property=\"article:modified_time\" content=\"2024-12-30T01:55:19+00:00\" \/>\n<meta name=\"twitter:card\" content=\"summary_large_image\" \/>\n<script type=\"application\/ld+json\" class=\"yoast-schema-graph\">{\"@context\":\"https:\/\/schema.org\",\"@graph\":[{\"@type\":\"WebSite\",\"@id\":\"https:\/\/laposadadelcolono.cl\/en\/#website\",\"url\":\"https:\/\/laposadadelcolono.cl\/en\/\",\"name\":\"La Posada del Colono\",\"description\":\"Alojamiento Tur\\u00edstico en Puerto Octay, Regi\\u00f3n de Los Lagos\",\"potentialAction\":[{\"@type\":\"SearchAction\",\"target\":\"https:\/\/laposadadelcolono.cl\/en\/?s={search_term_string}\",\"query-input\":\"required name=search_term_string\"}],\"inLanguage\":\"en-US\"},{\"@type\":\"WebPage\",\"@id\":\"https:\/\/laposadadelcolono.cl\/nosotros\/#webpage\",\"url\":\"https:\/\/laposadadelcolono.cl\/nosotros\/\",\"name\":\"Nosotros - La Posada del Colono\",\"isPartOf\":{\"@id\":\"https:\/\/laposadadelcolono.cl\/en\/#website\"},\"datePublished\":\"2018-11-01T16:43:32+00:00\",\"dateModified\":\"2024-12-30T01:55:19+00:00\",\"inLanguage\":\"en-US\",\"potentialAction\":[{\"@type\":\"ReadAction\",\"target\":[\"https:\/\/laposadadelcolono.cl\/nosotros\/\"]}]}]}<\/script>\n<!-- \/ Yoast SEO Premium plugin. -->","_links":{"self":[{"href":"https:\/\/laposadadelcolono.cl\/en\/wp-json\/wp\/v2\/pages\/13"}],"collection":[{"href":"https:\/\/laposadadelcolono.cl\/en\/wp-json\/wp\/v2\/pages"}],"about":[{"href":"https:\/\/laposadadelcolono.cl\/en\/wp-json\/wp\/v2\/types\/page"}],"author":[{"embeddable":true,"href":"https:\/\/laposadadelcolono.cl\/en\/wp-json\/wp\/v2\/users\/2"}],"replies":[{"embeddable":true,"href":"https:\/\/laposadadelcolono.cl\/en\/wp-json\/wp\/v2\/comments?post=13"}],"version-history":[{"count":17,"href":"https:\/\/laposadadelcolono.cl\/en\/wp-json\/wp\/v2\/pages\/13\/revisions"}],"predecessor-version":[{"id":1598,"href":"https:\/\/laposadadelcolono.cl\/en\/wp-json\/wp\/v2\/pages\/13\/revisions\/1598"}],"wp:attachment":[{"href":"https:\/\/laposadadelcolono.cl\/en\/wp-json\/wp\/v2\/media?parent=13"}],"curies":[{"name":"wp","href":"https:\/\/api.w.org\/{rel}","templated":true}]}}