{"id":11,"date":"2018-11-01T12:43:32","date_gmt":"2018-11-01T16:43:32","guid":{"rendered":"http:\/\/localhost\/hotello\/motel\/rooms\/"},"modified":"2020-10-16T12:14:43","modified_gmt":"2020-10-16T16:14:43","slug":"alojamiento","status":"publish","type":"page","link":"https:\/\/laposadadelcolono.cl\/en\/alojamiento\/","title":{"rendered":"Accommodation"},"content":{"rendered":"<div class=\"container vc_container\" ><div class=\"vc_row wpb_row vc_row-fluid\"><div class=\"wpb_column vc_column_container vc_col-sm-12\">\n    <div class=\"vc_column-inner\">\n        <div class=\"wpb_wrapper\">\n            <h2 style=\"text-align: center\" class=\"vc_custom_heading   text-center\">Choose Your Accommodation<\/h2>\n<div class=\"stm_wp_hotelier_rooms_list stm_wp_hotelier_rooms_list_style_2 post-11 page type-page status-publish hentry\">\n    <div class=\"stm-rooms-types\">\n\t\t                <ul class=\"list-unstyled\">\n\t\t\t\t\t                        <li class=\"active\" data-type=\"cabana\">\n                            <a href=\"https:\/\/laposadadelcolono.cl\/en\/alojamiento\/?room_type=cabana\" class=\"mbdc sbc_a\">\n\t\t\t\t\t\t\t\tCaba\u00f1as                            <\/a>\n                        <\/li>\n\t\t\t\t\t                        <li data-type=\"hospedaje\">\n                            <a href=\"https:\/\/laposadadelcolono.cl\/en\/alojamiento\/?room_type=hospedaje\" class=\"mbdc sbc_a\">\n\t\t\t\t\t\t\t\tHospedaje                            <\/a>\n                        <\/li>\n\t\t\t\t\t                <\/ul>\n\t\t\t    <\/div>\n\n    <div class=\"room-list-wrapper\">\n\t\t\t\t\t\n\n\t\t\t\t\n                    <div class=\"stm-rooms-list cabana\">\n\t\t\t\t\t\t            <div class=\"room\">\n                <div class=\"inner\">\n                    <div class=\"room__image\">\n                        <a href=\"https:\/\/laposadadelcolono.cl\/en\/rooms\/cabana-8-personas\/\">\n\t\t\t\t\t\t\t<img srcset=\"https:\/\/laposadadelcolono.cl\/wp-content\/uploads\/2020\/10\/WhatsApp-Image-2025-01-31-at-18.37.12-1-740x420.jpeg 2x\" class=\"\" src=\"https:\/\/laposadadelcolono.cl\/wp-content\/uploads\/2020\/10\/WhatsApp-Image-2025-01-31-at-18.37.12-1-370x210.jpeg\" width=\"370\" height=\"210\" alt=\"WhatsApp Image 2025-01-31 at 18.37.12 (1)\" title=\"WhatsApp Image 2025-01-31 at 18.37.12 (1)\" \/>                            <div class=\"room__price mbc heading_font\">\n                                <span>&#36;100.000<\/span>                            <\/div>\n                        <\/a>\n                    <\/div>\n\n                    <div class=\"room__content\">\n                        <div class=\"room__title\">\n                            <h3>\n                                <a class=\"ttc no_deco mtc_h\" href=\"https:\/\/laposadadelcolono.cl\/en\/rooms\/cabana-8-personas\/\">\n\t\t\t\t\t\t\t\t\tCabin 8 People                                <\/a>\n                            <\/h3>\n                        <\/div>\n                        <div class=\"room__excerpt\">\n\t\t\t\t\t\t\tComfortable and rustic cabin for 8 people, 3 bedrooms and 2 bathrooms, which is ...                        <\/div>\n\n\t\t\t\t\t\t\n<div class=\"room_info\">\n\t\t\t\t\t\t<div class=\"room_info__single\">\n\t\t\t\t<i class=\"mtc stmicon-guest\"><\/i>\n\t\t\t\t<span class=\"ttc heading_font_family\">8<\/span>\n\t\t\t<\/div>\n\t\t\t\t\t\t\t\t\t<\/div>\n\n                    <\/div>\n                <\/div>\n            <\/div>\n\t\t\t            <div class=\"room\">\n                <div class=\"inner\">\n                    <div class=\"room__image\">\n                        <a href=\"https:\/\/laposadadelcolono.cl\/en\/rooms\/cabana-7-personas\/\">\n\t\t\t\t\t\t\t<img srcset=\"https:\/\/laposadadelcolono.cl\/wp-content\/uploads\/2020\/09\/WhatsApp-Image-2025-01-31-at-18.37.12-740x420.jpeg 2x\" class=\"\" src=\"https:\/\/laposadadelcolono.cl\/wp-content\/uploads\/2020\/09\/WhatsApp-Image-2025-01-31-at-18.37.12-370x210.jpeg\" width=\"370\" height=\"210\" alt=\"WhatsApp Image 2025-01-31 at 18.37.12\" title=\"WhatsApp Image 2025-01-31 at 18.37.12\" \/>                            <div class=\"room__price mbc heading_font\">\n                                <span>&#36;85.000<\/span>                            <\/div>\n                        <\/a>\n                    <\/div>\n\n                    <div class=\"room__content\">\n                        <div class=\"room__title\">\n                            <h3>\n                                <a class=\"ttc no_deco mtc_h\" href=\"https:\/\/laposadadelcolono.cl\/en\/rooms\/cabana-7-personas\/\">\n\t\t\t\t\t\t\t\t\tCaba\u00f1a 7 Personas                                <\/a>\n                            <\/h3>\n                        <\/div>\n                        <div class=\"room__excerpt\">\n\t\t\t\t\t\t\tC\u00f3moda y rustica caba\u00f1a para 7 personas, 2 dormitorios y 1 ba\u00f1o, la cual se e...                        <\/div>\n\n\t\t\t\t\t\t\n<div class=\"room_info\">\n\t\t\t\t\t\t<div class=\"room_info__single\">\n\t\t\t\t<i class=\"mtc stmicon-guest\"><\/i>\n\t\t\t\t<span class=\"ttc heading_font_family\">7<\/span>\n\t\t\t<\/div>\n\t\t\t\t\t\t\t\t\t\t\t<div class=\"room_info__single\">\n\t\t\t\t<i class=\"mtc stmicon-ruler\"><\/i>\n\t\t\t\t<span class=\"ttc heading_font_family\">60<\/span>\n\t\t\t<\/div>\n\t\t\t<\/div>\n\n                    <\/div>\n                <\/div>\n            <\/div>\n\t\t\t                    <\/div>\n\n\t\t\t\t\n\t\t\t\t\n\n\t\t\t\t\n                    <div class=\"stm-rooms-list hospedaje\">\n\t\t\t\t\t\t            <div class=\"room\">\n                <div class=\"inner\">\n                    <div class=\"room__image\">\n                        <a href=\"https:\/\/laposadadelcolono.cl\/en\/rooms\/hostal\/\">\n\t\t\t\t\t\t\t<img srcset=\"https:\/\/laposadadelcolono.cl\/wp-content\/uploads\/2020\/10\/Posada-del-Colono-740x420.jpg 2x\" class=\"\" src=\"https:\/\/laposadadelcolono.cl\/wp-content\/uploads\/2020\/10\/Posada-del-Colono-370x210.jpg\" width=\"370\" height=\"210\" alt=\"Hostal La Posada del Colono - Puerto Octay\" title=\"Posada-del-Colono\" \/>                            <div class=\"room__price mbc heading_font\">\n                                <span>&#36;25.000<\/span>                            <\/div>\n                        <\/a>\n                    <\/div>\n\n                    <div class=\"room__content\">\n                        <div class=\"room__title\">\n                            <h3>\n                                <a class=\"ttc no_deco mtc_h\" href=\"https:\/\/laposadadelcolono.cl\/en\/rooms\/hostal\/\">\n\t\t\t\t\t\t\t\t\tHostel                                <\/a>\n                            <\/h3>\n                        <\/div>\n                        <div class=\"room__excerpt\">\n\t\t\t\t\t\t\tRural hostel that rescues the local, historical and gastronomic heritage of Lake Llanqui ...                        <\/div>\n\n\t\t\t\t\t\t\n<div class=\"room_info\">\n\t\t\t\t\t\t\t\t\t<div class=\"room_info__single\">\n\t\t\t\t<i class=\"mtc stmicon-bed2\"><\/i>\n\t\t\t\t<span class=\"ttc heading_font_family\">Box Spring 2, 1 y 1 1\/2 plazas<\/span>\n\t\t\t<\/div>\n\t\t\t\t\t\t\t\t<div class=\"room_info__single\">\n\t\t\t\t<i class=\"mtc stmicon-ruler\"><\/i>\n\t\t\t\t<span class=\"ttc heading_font_family\">750<\/span>\n\t\t\t<\/div>\n\t\t\t<\/div>\n\n                    <\/div>\n                <\/div>\n            <\/div>\n\t\t\t            <div class=\"room\">\n                <div class=\"inner\">\n                    <div class=\"room__image\">\n                        <a href=\"https:\/\/laposadadelcolono.cl\/en\/rooms\/habitacion-accesible\/\">\n\t\t\t\t\t\t\t<img srcset=\"https:\/\/laposadadelcolono.cl\/wp-content\/uploads\/2018\/08\/Turismo-Accesible-Hostal-La-Posada-del-Colono-740x420.jpg 2x\" class=\"\" src=\"https:\/\/laposadadelcolono.cl\/wp-content\/uploads\/2018\/08\/Turismo-Accesible-Hostal-La-Posada-del-Colono-370x210.jpg\" width=\"370\" height=\"210\" alt=\"Turismo Accesible Hostal La Posada del Colono\" title=\"Turismo Accesible Hostal La Posada del Colono\" \/>                            <div class=\"room__price mbc heading_font\">\n                                <span>&#36;50.000<\/span>                            <\/div>\n                        <\/a>\n                    <\/div>\n\n                    <div class=\"room__content\">\n                        <div class=\"room__title\">\n                            <h3>\n                                <a class=\"ttc no_deco mtc_h\" href=\"https:\/\/laposadadelcolono.cl\/en\/rooms\/habitacion-accesible\/\">\n\t\t\t\t\t\t\t\t\tAccessible Room                                <\/a>\n                            <\/h3>\n                        <\/div>\n                        <div class=\"room__excerpt\">\n\t\t\t\t\t\t\tHabitaci\u00f3n para personas con movilidad reducida. Capacidad para dos personas.\r\n                        <\/div>\n\n\t\t\t\t\t\t\n<div class=\"room_info\">\n\t\t\t\t\t\t\t\t\t<div class=\"room_info__single\">\n\t\t\t\t<i class=\"mtc stmicon-bed2\"><\/i>\n\t\t\t\t<span class=\"ttc heading_font_family\">Box Spring 1,5 Plaza<\/span>\n\t\t\t<\/div>\n\t\t\t\t\t\t\t\t<div class=\"room_info__single\">\n\t\t\t\t<i class=\"mtc stmicon-ruler\"><\/i>\n\t\t\t\t<span class=\"ttc heading_font_family\">19<\/span>\n\t\t\t<\/div>\n\t\t\t<\/div>\n\n                    <\/div>\n                <\/div>\n            <\/div>\n\t\t\t                    <\/div>\n\n\t\t\t\t\n\t\t\t\t    <\/div>\n<\/div>\n\n\n        <\/div>\n    <\/div>\n<\/div><\/div><\/div><div class=\"container vc_container\" ><div class=\"vc_row wpb_row vc_row-fluid\"><div class=\"wpb_column vc_column_container vc_col-sm-12\">\n    <div class=\"vc_column-inner\">\n        <div class=\"wpb_wrapper\">\n            <div class=\"stm_spacer\">\n    <div class=\"visible-lg\" style=\"height: 118px;\"><\/div>\n    <div class=\"visible-md\" style=\"height: 118px;\"><\/div>\n    <div class=\"visible-sm\" style=\"height: 100px;\"><\/div>\n    <div class=\"visible-xs\" style=\"height: 100px;\"><\/div>\n<\/div>        <\/div>\n    <\/div>\n<\/div><\/div><\/div><div class=\"container vc_container\" ><div class=\"vc_row wpb_row vc_row-fluid\"><div class=\"wpb_column vc_column_container vc_col-sm-12\">\n    <div class=\"vc_column-inner\">\n        <div class=\"wpb_wrapper\">\n            <h2 style=\"text-align: center\" class=\"vc_custom_heading   text-center\">Our Certifications<\/h2><div class=\"stm_spacer\">\n    <div class=\"visible-lg\" style=\"height: 100px;\"><\/div>\n    <div class=\"visible-md\" style=\"height: 100px;\"><\/div>\n    <div class=\"visible-sm\" style=\"height: 100px;\"><\/div>\n    <div class=\"visible-xs\" style=\"height: 100px;\"><\/div>\n<\/div>        <\/div>\n    <\/div>\n<\/div><\/div><\/div><div class=\"container vc_container\" ><div class=\"vc_row wpb_row vc_row-fluid\"><div class=\"wpb_column vc_column_container vc_col-sm-6\">\n    <div class=\"vc_column-inner\">\n        <div class=\"wpb_wrapper\">\n            \n\t<div  class=\"wpb_single_image wpb_content_element vc_align_center\">\n\t\t\n\t\t<figure class=\"wpb_wrapper vc_figure\">\n\t\t\t<div class=\"vc_single_image-wrapper   vc_box_border_grey\"><img width=\"640\" height=\"349\" src=\"https:\/\/laposadadelcolono.cl\/wp-content\/uploads\/2020\/10\/1.-Sello-S-_-Horizontal_300-1024x559-1.jpg\" class=\"vc_single_image-img attachment-large\" alt=\"\" loading=\"lazy\" srcset=\"https:\/\/laposadadelcolono.cl\/wp-content\/uploads\/2020\/10\/1.-Sello-S-_-Horizontal_300-1024x559-1.jpg 1024w, https:\/\/laposadadelcolono.cl\/wp-content\/uploads\/2020\/10\/1.-Sello-S-_-Horizontal_300-1024x559-1-300x164.jpg 300w, https:\/\/laposadadelcolono.cl\/wp-content\/uploads\/2020\/10\/1.-Sello-S-_-Horizontal_300-1024x559-1-768x419.jpg 768w\" sizes=\"(max-width: 640px) 100vw, 640px\" \/><\/div>\n\t\t<\/figure>\n\t<\/div>\n        <\/div>\n    <\/div>\n<\/div><div class=\"wpb_column vc_column_container vc_col-sm-6\">\n    <div class=\"vc_column-inner\">\n        <div class=\"wpb_wrapper\">\n            \n\t<div  class=\"wpb_single_image wpb_content_element vc_align_center\">\n\t\t\n\t\t<figure class=\"wpb_wrapper vc_figure\">\n\t\t\t<div class=\"vc_single_image-wrapper   vc_box_border_grey\"><img width=\"218\" height=\"284\" src=\"https:\/\/laposadadelcolono.cl\/wp-content\/uploads\/2020\/10\/logo-emma-carbono218x284.png\" class=\"vc_single_image-img attachment-medium\" alt=\"\" loading=\"lazy\" \/><\/div>\n\t\t<\/figure>\n\t<\/div>\n        <\/div>\n    <\/div>\n<\/div><\/div><\/div><div class=\"container vc_container\" ><div class=\"vc_row wpb_row vc_row-fluid\"><div class=\"wpb_column vc_column_container vc_col-sm-12\">\n    <div class=\"vc_column-inner\">\n        <div class=\"wpb_wrapper\">\n                    <\/div>\n    <\/div>\n<\/div><\/div><\/div>","protected":false},"excerpt":{"rendered":"Habitaci\u00f3n y ba\u00f1o privado adaptados para personas con movilidad reducida. Tarifa CLP$50.000","protected":false},"author":2,"featured_media":0,"parent":0,"menu_order":2,"comment_status":"closed","ping_status":"closed","template":"","meta":[],"yoast_head":"<!-- This site is optimized with the Yoast SEO Premium plugin v15.0 - https:\/\/yoast.com\/wordpress\/plugins\/seo\/ -->\n<title>Alojamiento - La Posada del Colono<\/title>\n<meta name=\"robots\" content=\"index, follow, max-snippet:-1, max-image-preview:large, max-video-preview:-1\" \/>\n<link rel=\"canonical\" href=\"https:\/\/laposadadelcolono.cl\/en\/alojamiento\/\" \/>\n<meta property=\"og:locale\" content=\"en_US\" \/>\n<meta property=\"og:type\" content=\"article\" \/>\n<meta property=\"og:title\" content=\"Alojamiento - La Posada del Colono\" \/>\n<meta property=\"og:url\" content=\"https:\/\/laposadadelcolono.cl\/en\/alojamiento\/\" \/>\n<meta property=\"og:site_name\" content=\"La Posada del Colono\" \/>\n<meta property=\"article:modified_time\" content=\"2020-10-16T16:14:43+00:00\" \/>\n<meta name=\"twitter:card\" content=\"summary_large_image\" \/>\n<script type=\"application\/ld+json\" class=\"yoast-schema-graph\">{\"@context\":\"https:\/\/schema.org\",\"@graph\":[{\"@type\":\"WebSite\",\"@id\":\"https:\/\/laposadadelcolono.cl\/en\/#website\",\"url\":\"https:\/\/laposadadelcolono.cl\/en\/\",\"name\":\"La Posada del Colono\",\"description\":\"Alojamiento Tur\\u00edstico en Puerto Octay, Regi\\u00f3n de Los Lagos\",\"potentialAction\":[{\"@type\":\"SearchAction\",\"target\":\"https:\/\/laposadadelcolono.cl\/en\/?s={search_term_string}\",\"query-input\":\"required name=search_term_string\"}],\"inLanguage\":\"en-US\"},{\"@type\":\"WebPage\",\"@id\":\"https:\/\/laposadadelcolono.cl\/alojamiento\/#webpage\",\"url\":\"https:\/\/laposadadelcolono.cl\/alojamiento\/\",\"name\":\"Alojamiento - La Posada del Colono\",\"isPartOf\":{\"@id\":\"https:\/\/laposadadelcolono.cl\/en\/#website\"},\"datePublished\":\"2018-11-01T16:43:32+00:00\",\"dateModified\":\"2020-10-16T16:14:43+00:00\",\"inLanguage\":\"en-US\",\"potentialAction\":[{\"@type\":\"ReadAction\",\"target\":[\"https:\/\/laposadadelcolono.cl\/alojamiento\/\"]}]}]}<\/script>\n<!-- \/ Yoast SEO Premium plugin. -->","_links":{"self":[{"href":"https:\/\/laposadadelcolono.cl\/en\/wp-json\/wp\/v2\/pages\/11"}],"collection":[{"href":"https:\/\/laposadadelcolono.cl\/en\/wp-json\/wp\/v2\/pages"}],"about":[{"href":"https:\/\/laposadadelcolono.cl\/en\/wp-json\/wp\/v2\/types\/page"}],"author":[{"embeddable":true,"href":"https:\/\/laposadadelcolono.cl\/en\/wp-json\/wp\/v2\/users\/2"}],"replies":[{"embeddable":true,"href":"https:\/\/laposadadelcolono.cl\/en\/wp-json\/wp\/v2\/comments?post=11"}],"version-history":[{"count":21,"href":"https:\/\/laposadadelcolono.cl\/en\/wp-json\/wp\/v2\/pages\/11\/revisions"}],"predecessor-version":[{"id":1271,"href":"https:\/\/laposadadelcolono.cl\/en\/wp-json\/wp\/v2\/pages\/11\/revisions\/1271"}],"wp:attachment":[{"href":"https:\/\/laposadadelcolono.cl\/en\/wp-json\/wp\/v2\/media?parent=11"}],"curies":[{"name":"wp","href":"https:\/\/api.w.org\/{rel}","templated":true}]}}